{"id":1358,"date":"2023-03-31T18:44:56","date_gmt":"2023-03-31T18:44:56","guid":{"rendered":"https:\/\/kotuswellness.com\/?page_id=1358"},"modified":"2024-05-19T20:27:40","modified_gmt":"2024-05-19T20:27:40","slug":"iceland","status":"publish","type":"page","link":"https:\/\/kotuswellness.com\/lt\/iceland\/","title":{"rendered":"ISLANDIJA"},"content":{"rendered":"<div data-elementor-type=\"wp-page\" data-elementor-id=\"1358\" class=\"elementor elementor-1358\">\n\t\t\t\t\t\t<section class=\"elementor-section elementor-top-section elementor-element elementor-element-3c8de86 elementor-section-boxed elementor-section-height-default elementor-section-height-default\" data-id=\"3c8de86\" data-element_type=\"section\" data-e-type=\"section\">\n\t\t\t\t\t\t<div class=\"elementor-container elementor-column-gap-default\">\n\t\t\t\t\t<div class=\"elementor-column elementor-col-100 elementor-top-column elementor-element elementor-element-c6677bc\" data-id=\"c6677bc\" data-element_type=\"column\" data-e-type=\"column\">\n\t\t\t<div class=\"elementor-widget-wrap elementor-element-populated\">\n\t\t\t\t\t\t<div class=\"elementor-element elementor-element-f40c3ba elementor-widget elementor-widget-text-editor\" data-id=\"f40c3ba\" data-element_type=\"widget\" data-e-type=\"widget\" data-widget_type=\"text-editor.default\">\n\t\t\t\t<div class=\"elementor-widget-container\">\n\t\t\t\t\t\t\t\t\t<p>Ne veltui islandai laikomi viena sveikiausi\u0173 taut\u0173 pasaulyje. Islandijoje, gars\u0117jan\u010dioje \u0161vie\u017eiai u\u017eaugintais produktais, vietoje pagauta \u017euvimi ir ramiu skandinavi\u0161ku gyvenimo b\u016bdu, taip pat galima rasti \u0161variausi\u0105 pasaulyje vanden\u012f, kuris yra ledyn\u0173 maitinamas po\u017eeminis vanduo, \u0161ildomas geotermin\u0117s veiklos ir prisotintas daugyb\u0117s mineral\u0173. Ka\u017ekas didingo maudytis lauke po \u0161okan\u010dia aurora arba po levand\u0173 dangumi vidurnakt\u012f \u0161vie\u010diant vidurnak\u010dio saulei.<\/p><p><span style=\"font-size: 16px;\">Islandija yra viena populiariausi\u0173 viet\u0173 tiems, kurie nori pab\u0117gti nuo kasdieni\u0173 r\u016bpes\u010di\u0173 lankydamiesi visame pasaulyje garsiose nat\u016braliose kar\u0161tosiose versm\u0117se ir geotermin\u0117se gydyklose. Sveikatingumo kelion\u0117s yra pa\u010diame \u012fkar\u0161tyje, o Islandija - puiki vieta i\u0161bandyti sveikatingumo atostogas.<\/span><\/p><p><span style=\"font-size: 16px;\">Be kar\u0161t\u0173j\u0173 \u0161altini\u0173 basein\u0173 ir s\u016bkurini\u0173 voni\u0173, pirtys, restoranai ar net apgyvendinimo vietos yra ranka pasiekiamos. \u0160iose \u012fstaigose taip pat teikiamos kitos SPA proced\u016bros, pavyzd\u017eiui, veido proced\u016bros, masa\u017eai, \u0161veitimai ir kt.<\/span><\/p><p>\u00a0<\/p>\t\t\t\t\t\t\t\t<\/div>\n\t\t\t\t<\/div>\n\t\t\t\t\t<\/div>\n\t\t<\/div>\n\t\t\t\t\t<\/div>\n\t\t<\/section>\n\t\t\t\t<section class=\"elementor-section elementor-top-section elementor-element elementor-element-2b123b1 elementor-section-full_width elementor-section-height-default elementor-section-height-default\" data-id=\"2b123b1\" data-element_type=\"section\" data-e-type=\"section\">\n\t\t\t\t\t\t<div class=\"elementor-container elementor-column-gap-default\">\n\t\t\t\t\t<div class=\"elementor-column elementor-col-100 elementor-top-column elementor-element elementor-element-0a768c0\" data-id=\"0a768c0\" data-element_type=\"column\" data-e-type=\"column\">\n\t\t\t<div class=\"elementor-widget-wrap elementor-element-populated\">\n\t\t\t\t\t\t<section class=\"elementor-section elementor-inner-section elementor-element elementor-element-cd506fd elementor-section-full_width elementor-section-height-default elementor-section-height-default\" data-id=\"cd506fd\" data-element_type=\"section\" data-e-type=\"section\">\n\t\t\t\t\t\t<div class=\"elementor-container elementor-column-gap-default\">\n\t\t\t\t\t<div class=\"elementor-column elementor-col-50 elementor-inner-column elementor-element elementor-element-aba98cd elementor-invisible\" data-id=\"aba98cd\" data-element_type=\"column\" data-e-type=\"column\" data-settings=\"{&quot;animation&quot;:&quot;fadeInLeft&quot;,&quot;background_background&quot;:&quot;classic&quot;}\">\n\t\t\t<div class=\"elementor-widget-wrap elementor-element-populated\">\n\t\t\t\t\t\t<div class=\"elementor-element elementor-element-0194f0c elementor-widget elementor-widget-spacer\" data-id=\"0194f0c\" data-element_type=\"widget\" data-e-type=\"widget\" data-widget_type=\"spacer.default\">\n\t\t\t\t<div class=\"elementor-widget-container\">\n\t\t\t\t\t\t\t<div class=\"elementor-spacer\">\n\t\t\t<div class=\"elementor-spacer-inner\"><\/div>\n\t\t<\/div>\n\t\t\t\t\t\t<\/div>\n\t\t\t\t<\/div>\n\t\t\t\t\t<\/div>\n\t\t<\/div>\n\t\t\t\t<div class=\"elementor-column elementor-col-50 elementor-inner-column elementor-element elementor-element-1d9f596 elementor-invisible\" data-id=\"1d9f596\" data-element_type=\"column\" data-e-type=\"column\" data-settings=\"{&quot;animation&quot;:&quot;fadeInRight&quot;}\">\n\t\t\t<div class=\"elementor-widget-wrap elementor-element-populated\">\n\t\t\t\t\t\t<div class=\"elementor-element elementor-element-d7a8357 elementor-widget elementor-widget-heading\" data-id=\"d7a8357\" data-element_type=\"widget\" data-e-type=\"widget\" data-widget_type=\"heading.default\">\n\t\t\t\t<div class=\"elementor-widget-container\">\n\t\t\t\t\t<h2 class=\"elementor-heading-title elementor-size-default\">GERAI GYVENTI<\/h2>\t\t\t\t<\/div>\n\t\t\t\t<\/div>\n\t\t\t\t<div class=\"elementor-element elementor-element-2ddf3ee elementor-widget__width-initial elementor-widget elementor-widget-text-editor\" data-id=\"2ddf3ee\" data-element_type=\"widget\" data-e-type=\"widget\" data-widget_type=\"text-editor.default\">\n\t\t\t\t<div class=\"elementor-widget-container\">\n\t\t\t\t\t\t\t\t\t<p><b style=\"font-size: 16px; text-align: right;\"><span lang=\"EN-GB\">\u012etraukian\u010dios sveikatingumo rekolekcijos Islandijoje<\/span><\/b><\/p><p><strong>Programos tikslai:<\/strong> Pasijuskite pasikeit\u0119 ir \u012fsitraukite \u012f \u012ftraukian\u010di\u0105 veikl\u0105, pavyzd\u017eiui, jodin\u0117jim\u0105 \u017eirgais po ne\u017eemi\u0161kus Troli\u0173 pusiasalio kra\u0161tovaizd\u017eius. Patirkite vietos gali\u0105 leisdamiesi \u012f ram\u0173 \u017eyg\u012f slid\u0117mis \u012f atokias vietoves. Pagilinkite savo supratim\u0105 apie juslin\u012f valgym\u0105 per tylos pietus, per kuriuos bus atliekamos meditacin\u0117s praktikos ir ra\u0161omi dienora\u0161\u010diai. Sustiprinkite kv\u0117pavimo suvokim\u0105, dalyvaudami per\u0117jim\u0173 i\u0161 kar\u0161to \u012f \u0161alt\u0105 cikle, kuriame daugiausia d\u0117mesio skiriama intensyviam kv\u0117pavimui. Po rekolekcij\u0173 jauskit\u0117s \u012fkrauti ir kupini j\u0117g\u0173, su skaidriu protu, pasireng\u0119 priimti nauj\u0105 i\u0161\u0161\u016bk\u012f.<\/p><p><span style=\"font-size: 16px;\">Atraskite gyvenim\u0105 kei\u010diant\u012f ry\u0161\u012f su vieta ir savimi per 4 dien\u0173 sveikatingumo rekolekcijas \"Deplar Farm\", kuriose dera neprilygstami sveikatingumo patogumai, jaudinantys nuotykiai su gidu ir \u017eiemos meditaciniai ritualai.<\/span><\/p><p><span style=\"font-size: 16px;\">Kiekvien\u0105 ryt\u0105 pabuskite su energizuojan\u010dia, ekologi\u0161ka mityba ir joga, skirta pasiruo\u0161ti dienos nuotykiui lauke.<\/span><\/p><p><span style=\"font-size: 16px;\">Po piet\u0173 leiskit\u0117s \u012f nuotykius, pavyzd\u017eiui, jodin\u0117jim\u0105 \u017eirgais ar \u0161iaurieti\u0161k\u0105 slidin\u0117jim\u0105, m\u0117gaukit\u0117s meditaciniais pietumis, o tada pasim\u0117gaukite SPA proced\u016bromis ir sveikatingumo ritualais.<\/span><\/p><p><span style=\"font-size: 16px;\">Vakarais dalinkit\u0117s maistingomis med\u017eiagomis ir vakariene prie\u0161 u\u017esiimdami \u0161velniomis jud\u0117jimo praktikomis ir miego meditacijomis.<\/span><\/p><p><span style=\"font-size: 16px;\">Trauktis apima:<\/span><\/p><ul><li>Ekspert\u0173 vedami nuotykiai po ne\u017eemi\u0161kas Islandijos platybes, \u012fskaitant \u017eyg\u012f b\u0117gimo slid\u0117mis \u012f e\u017eero pakrant\u0117s u\u017ekamp\u012f, kur laukia tyl\u016bs piet\u016bs.<\/li><li>Viking\u0173 pirties ritualas, kurio metu m\u0117gaujamasi intensyviu panardinimu \u012f temperat\u016br\u0105, ir \u012fvair\u016bs pa\u017eangiausi patogumai 10 000 kvadratini\u0173 p\u0117d\u0173 ploto SPA centre.<\/li><li>Novatori\u0161kos \"Tata Harper\" proced\u016bros, sukurtos specialiai vietiniam klimatui, kartu su kinetiniu veido \u017eem\u0117lapiu ir patikima praktika.<\/li><li>Visapusi\u0161ka kulinarin\u0117 patirtis - nuo neskambi\u0173 patiekal\u0173 ir integruot\u0173 SPA apres iki pla\u010diai pripa\u017eint\u0173 vakarieni\u0173 \"nuo j\u016bros iki stalo\".<\/li><\/ul><p><strong style=\"font-size: 16px;\">Vieta:<\/strong><span style=\"font-size: 16px;\"> Deplar \u016akio Vienuolika<\/span><\/p><p><strong style=\"font-size: 16px;\">Trukm\u0117:<\/strong><span style=\"font-size: 16px;\"> 4 Dien\u0173<\/span><\/p><p><strong>Price:<\/strong> Sharing from \u00a3XXXXpp Singles from \u00a3XXXXpp<\/p><p><strong style=\"font-size: 16px;\">Tvarumas: <\/strong><span style=\"font-size: 16px;\">\"Grassy Creek Foundation\" (GCF) - tai privatus \u0161eimos fondas, kur\u012f 2011 m. \u012fsteig\u0117 \"Eleven\" \u012fk\u016br\u0117jas. Fondas buvo \u012fkurtas remiantis tais pa\u010diais principais, kuriais grind\u017eiama visa \"Eleven\" veikla: gili pagarba gamtai, atsidavimas aplinkos apsaugai ir atsakingam gamtos i\u0161tekli\u0173 valdymui.<\/span><span style=\"font-size: 16px;\">\u0160ie bendri principai atsispindi fondo programose ir dotacij\u0173 skyrimo iniciatyvose. Per daugel\u012f met\u0173 GCF par\u0117m\u0117 \u012fvairias organizacijas - nuo dideli\u0173 ne pelno siekian\u010di\u0173 organizacij\u0173, toki\u0173 kaip Nacionalinis \u017euv\u0173 ir laukin\u0117s gamtos fondas ir \u0160iaur\u0117s Atlanto la\u0161i\u0161\u0173 fondas, iki regionini\u0173 ir vietini\u0173 gamtosaugos grupi\u0173, toki\u0173 kaip Gasparillos salos apsaugos ir gerinimo asociacija Boca Grande ir \"Bonefish and Tarpon Trust\" Floridos Keys salose. Be to, \"Eleven\" pl\u0117toja vietines iniciatyvas tose vietov\u0117se, kuriose vykdo veikl\u0105, ir remia vietos bendruomenes vykdydama tiesiogin\u0119 labdaring\u0105 veikl\u0105, pavyzd\u017eiui, valymo darbus, aplinkosaugin\u012f \u0161vietim\u0105 ir \u0161vietim\u0105.<\/span><\/p>\t\t\t\t\t\t\t\t<\/div>\n\t\t\t\t<\/div>\n\t\t\t\t\t<\/div>\n\t\t<\/div>\n\t\t\t\t\t<\/div>\n\t\t<\/section>\n\t\t\t\t\t<\/div>\n\t\t<\/div>\n\t\t\t\t\t<\/div>\n\t\t<\/section>\n\t\t\t\t<\/div>","protected":false},"excerpt":{"rendered":"<p>There\u2019s a reason why Icelanders are considered to be one of the healthiest nations in the world. Iceland, famous for freshly grown produce, locally caught fish, and a relaxed Scandinavian lifestyle, also offer world\u2019s cleanest water which is glacier-fed groundwater heated by geothermal activity and saturated with plenty of minerals. There\u2019s something sublime in bathing [&hellip;]<\/p>","protected":false},"author":34,"featured_media":0,"parent":0,"menu_order":0,"comment_status":"closed","ping_status":"closed","template":"elementor_header_footer","meta":{"ocean_post_layout":"","ocean_both_sidebars_style":"","ocean_both_sidebars_content_width":0,"ocean_both_sidebars_sidebars_width":0,"ocean_sidebar":"0","ocean_second_sidebar":"0","ocean_disable_margins":"enable","ocean_add_body_class":"","ocean_shortcode_before_top_bar":"","ocean_shortcode_after_top_bar":"","ocean_shortcode_before_header":"","ocean_shortcode_after_header":"","ocean_has_shortcode":"","ocean_shortcode_after_title":"","ocean_shortcode_before_footer_widgets":"","ocean_shortcode_after_footer_widgets":"","ocean_shortcode_before_footer_bottom":"","ocean_shortcode_after_footer_bottom":"","ocean_display_top_bar":"default","ocean_display_header":"default","ocean_header_style":"","ocean_center_header_left_menu":"0","ocean_custom_header_template":"0","ocean_custom_logo":0,"ocean_custom_retina_logo":0,"ocean_custom_logo_max_width":0,"ocean_custom_logo_tablet_max_width":0,"ocean_custom_logo_mobile_max_width":0,"ocean_custom_logo_max_height":0,"ocean_custom_logo_tablet_max_height":0,"ocean_custom_logo_mobile_max_height":0,"ocean_header_custom_menu":"0","ocean_menu_typo_font_family":"0","ocean_menu_typo_font_subset":"","ocean_menu_typo_font_size":0,"ocean_menu_typo_font_size_tablet":0,"ocean_menu_typo_font_size_mobile":0,"ocean_menu_typo_font_size_unit":"px","ocean_menu_typo_font_weight":"","ocean_menu_typo_font_weight_tablet":"","ocean_menu_typo_font_weight_mobile":"","ocean_menu_typo_transform":"","ocean_menu_typo_transform_tablet":"","ocean_menu_typo_transform_mobile":"","ocean_menu_typo_line_height":0,"ocean_menu_typo_line_height_tablet":0,"ocean_menu_typo_line_height_mobile":0,"ocean_menu_typo_line_height_unit":"","ocean_menu_typo_spacing":0,"ocean_menu_typo_spacing_tablet":0,"ocean_menu_typo_spacing_mobile":0,"ocean_menu_typo_spacing_unit":"","ocean_menu_link_color":"","ocean_menu_link_color_hover":"","ocean_menu_link_color_active":"","ocean_menu_link_background":"","ocean_menu_link_hover_background":"","ocean_menu_link_active_background":"","ocean_menu_social_links_bg":"","ocean_menu_social_hover_links_bg":"","ocean_menu_social_links_color":"","ocean_menu_social_hover_links_color":"","ocean_disable_title":"default","ocean_disable_heading":"default","ocean_post_title":"","ocean_post_subheading":"","ocean_post_title_style":"background-image","ocean_post_title_background_color":"","ocean_post_title_background":1779,"ocean_post_title_bg_image_position":"center center","ocean_post_title_bg_image_attachment":"","ocean_post_title_bg_image_repeat":"no-repeat","ocean_post_title_bg_image_size":"cover","ocean_post_title_height":500,"ocean_post_title_bg_overlay":0.5,"ocean_post_title_bg_overlay_color":"","ocean_disable_breadcrumbs":"default","ocean_breadcrumbs_color":"","ocean_breadcrumbs_separator_color":"","ocean_breadcrumbs_links_color":"","ocean_breadcrumbs_links_hover_color":"","ocean_display_footer_widgets":"default","ocean_display_footer_bottom":"default","ocean_custom_footer_template":"0","footnotes":""},"class_list":["post-1358","page","type-page","status-publish","hentry","entry"],"aioseo_notices":[],"_links":{"self":[{"href":"https:\/\/kotuswellness.com\/lt\/wp-json\/wp\/v2\/pages\/1358","targetHints":{"allow":["GET"]}}],"collection":[{"href":"https:\/\/kotuswellness.com\/lt\/wp-json\/wp\/v2\/pages"}],"about":[{"href":"https:\/\/kotuswellness.com\/lt\/wp-json\/wp\/v2\/types\/page"}],"author":[{"embeddable":true,"href":"https:\/\/kotuswellness.com\/lt\/wp-json\/wp\/v2\/users\/34"}],"replies":[{"embeddable":true,"href":"https:\/\/kotuswellness.com\/lt\/wp-json\/wp\/v2\/comments?post=1358"}],"version-history":[{"count":24,"href":"https:\/\/kotuswellness.com\/lt\/wp-json\/wp\/v2\/pages\/1358\/revisions"}],"predecessor-version":[{"id":2342,"href":"https:\/\/kotuswellness.com\/lt\/wp-json\/wp\/v2\/pages\/1358\/revisions\/2342"}],"wp:attachment":[{"href":"https:\/\/kotuswellness.com\/lt\/wp-json\/wp\/v2\/media?parent=1358"}],"curies":[{"name":"wp","href":"https:\/\/api.w.org\/{rel}","templated":true}]}}